{"id":101,"date":"2021-05-04T11:59:31","date_gmt":"2021-05-04T08:59:31","guid":{"rendered":"https:\/\/vkterasrakenne.fi\/?page_id=101"},"modified":"2026-04-28T14:15:13","modified_gmt":"2026-04-28T11:15:13","slug":"putkistot","status":"publish","type":"page","link":"https:\/\/vkterasrakenne.fi\/en\/putkistot\/","title":{"rendered":"Pipelines"},"content":{"rendered":"<div data-elementor-type=\"wp-page\" data-elementor-id=\"101\" class=\"elementor elementor-101\" data-elementor-post-type=\"page\">\n\t\t\t\t\t\t<section class=\"elementor-section elementor-top-section elementor-element elementor-element-143f740 elementor-section-boxed elementor-section-height-default elementor-section-height-default\" data-id=\"143f740\" data-element_type=\"section\">\n\t\t\t\t\t\t<div class=\"elementor-container elementor-column-gap-default\">\n\t\t\t\t\t<div class=\"elementor-column elementor-col-100 elementor-top-column elementor-element elementor-element-e093a89\" data-id=\"e093a89\" data-element_type=\"column\">\n\t\t\t<div class=\"elementor-widget-wrap elementor-element-populated\">\n\t\t\t\t\t\t<div class=\"elementor-element elementor-element-1f81f6d elementor-nav-menu__align-end elementor-nav-menu--dropdown-mobile elementor-nav-menu__text-align-aside elementor-nav-menu--toggle elementor-nav-menu--burger elementor-widget elementor-widget-nav-menu\" data-id=\"1f81f6d\" data-element_type=\"widget\" data-settings=\"{&quot;layout&quot;:&quot;horizontal&quot;,&quot;submenu_icon&quot;:{&quot;value&quot;:&quot;&lt;i class=\\&quot;fas fa-caret-down\\&quot;&gt;&lt;\\\/i&gt;&quot;,&quot;library&quot;:&quot;fa-solid&quot;},&quot;toggle&quot;:&quot;burger&quot;}\" data-widget_type=\"nav-menu.default\">\n\t\t\t\t\t\t\t\t<nav aria-label=\"Menu\" class=\"elementor-nav-menu--main elementor-nav-menu__container elementor-nav-menu--layout-horizontal e--pointer-underline e--animation-fade\">\n\t\t\t\t<ul id=\"menu-1-1f81f6d\" class=\"elementor-nav-menu\"><li class=\"menu-item menu-item-type-post_type menu-item-object-page menu-item-home menu-item-268\"><a href=\"https:\/\/vkterasrakenne.fi\/en\/\" class=\"elementor-item\">Front Page<\/a><\/li>\n<li class=\"menu-item menu-item-type-post_type menu-item-object-page menu-item-267\"><a href=\"https:\/\/vkterasrakenne.fi\/en\/putkistot\/\" class=\"elementor-item\">Pipelines<\/a><\/li>\n<li class=\"menu-item menu-item-type-post_type menu-item-object-page menu-item-266\"><a href=\"https:\/\/vkterasrakenne.fi\/en\/terasrakenteet-3\/\" class=\"elementor-item\">Steel Structures<\/a><\/li>\n<li class=\"menu-item menu-item-type-post_type menu-item-object-page menu-item-265\"><a href=\"https:\/\/vkterasrakenne.fi\/en\/referenssit\/\" class=\"elementor-item\">References<\/a><\/li>\n<li class=\"menu-item menu-item-type-post_type menu-item-object-page menu-item-1715\"><a href=\"https:\/\/vkterasrakenne.fi\/en\/kuljetukset\/\" class=\"elementor-item\">Transportation<\/a><\/li>\n<li class=\"menu-item menu-item-type-post_type menu-item-object-page menu-item-456\"><a href=\"https:\/\/vkterasrakenne.fi\/en\/rekrytointi\/\" class=\"elementor-item\">Recruitment<\/a><\/li>\n<li class=\"menu-item menu-item-type-post_type menu-item-object-page menu-item-264\"><a href=\"https:\/\/vkterasrakenne.fi\/en\/yhteystiedot\/\" class=\"elementor-item\">Contact Information<\/a><\/li>\n<\/ul>\t\t\t<\/nav>\n\t\t\t\t\t<div class=\"elementor-menu-toggle\" role=\"button\" tabindex=\"0\" aria-label=\"Menu Toggle\" aria-expanded=\"false\">\n\t\t\t<i aria-hidden=\"true\" role=\"presentation\" class=\"elementor-menu-toggle__icon--open eicon-menu-bar\"><\/i><i aria-hidden=\"true\" role=\"presentation\" class=\"elementor-menu-toggle__icon--close eicon-close\"><\/i>\t\t<\/div>\n\t\t\t\t\t<nav class=\"elementor-nav-menu--dropdown elementor-nav-menu__container\" aria-hidden=\"true\">\n\t\t\t\t<ul id=\"menu-2-1f81f6d\" class=\"elementor-nav-menu\"><li class=\"menu-item menu-item-type-post_type menu-item-object-page menu-item-home menu-item-268\"><a href=\"https:\/\/vkterasrakenne.fi\/en\/\" class=\"elementor-item\" tabindex=\"-1\">Front Page<\/a><\/li>\n<li class=\"menu-item menu-item-type-post_type menu-item-object-page menu-item-267\"><a href=\"https:\/\/vkterasrakenne.fi\/en\/putkistot\/\" class=\"elementor-item\" tabindex=\"-1\">Pipelines<\/a><\/li>\n<li class=\"menu-item menu-item-type-post_type menu-item-object-page menu-item-266\"><a href=\"https:\/\/vkterasrakenne.fi\/en\/terasrakenteet-3\/\" class=\"elementor-item\" tabindex=\"-1\">Steel Structures<\/a><\/li>\n<li class=\"menu-item menu-item-type-post_type menu-item-object-page menu-item-265\"><a href=\"https:\/\/vkterasrakenne.fi\/en\/referenssit\/\" class=\"elementor-item\" tabindex=\"-1\">References<\/a><\/li>\n<li class=\"menu-item menu-item-type-post_type menu-item-object-page menu-item-1715\"><a href=\"https:\/\/vkterasrakenne.fi\/en\/kuljetukset\/\" class=\"elementor-item\" tabindex=\"-1\">Transportation<\/a><\/li>\n<li class=\"menu-item menu-item-type-post_type menu-item-object-page menu-item-456\"><a href=\"https:\/\/vkterasrakenne.fi\/en\/rekrytointi\/\" class=\"elementor-item\" tabindex=\"-1\">Recruitment<\/a><\/li>\n<li class=\"menu-item menu-item-type-post_type menu-item-object-page menu-item-264\"><a href=\"https:\/\/vkterasrakenne.fi\/en\/yhteystiedot\/\" class=\"elementor-item\" tabindex=\"-1\">Contact Information<\/a><\/li>\n<\/ul>\t\t\t<\/nav>\n\t\t\t\t\t\t<\/div>\n\t\t\t\t<div class=\"elementor-element elementor-element-9c5220c elementor-widget__width-initial elementor-widget-tablet__width-inherit elementor-widget-mobile__width-inherit elementor-arrows-position-inside elementor-pagination-position-outside elementor-widget elementor-widget-image-carousel\" data-id=\"9c5220c\" data-element_type=\"widget\" data-settings=\"{&quot;slides_to_show&quot;:&quot;1&quot;,&quot;speed&quot;:700,&quot;navigation&quot;:&quot;both&quot;,&quot;autoplay&quot;:&quot;yes&quot;,&quot;pause_on_hover&quot;:&quot;yes&quot;,&quot;pause_on_interaction&quot;:&quot;yes&quot;,&quot;autoplay_speed&quot;:5000,&quot;infinite&quot;:&quot;yes&quot;,&quot;effect&quot;:&quot;slide&quot;}\" data-widget_type=\"image-carousel.default\">\n\t\t\t\t\t\t\t<div class=\"elementor-image-carousel-wrapper swiper\" role=\"region\" aria-roledescription=\"carousel\" aria-label=\"Image Carousel\" dir=\"ltr\">\n\t\t\t<div class=\"elementor-image-carousel swiper-wrapper swiper-image-stretch\" aria-live=\"off\">\n\t\t\t\t\t\t\t\t<div class=\"swiper-slide\" role=\"group\" aria-roledescription=\"slide\" aria-label=\"1 of 2\"><figure class=\"swiper-slide-inner\"><img decoding=\"async\" class=\"swiper-slide-image\" src=\"https:\/\/vkterasrakenne.fi\/wp-content\/uploads\/2026\/01\/2014_04-1_2.jpg\" alt=\"2014_04-1_2\" \/><\/figure><\/div><div class=\"swiper-slide\" role=\"group\" aria-roledescription=\"slide\" aria-label=\"2 of 2\"><figure class=\"swiper-slide-inner\"><img decoding=\"async\" class=\"swiper-slide-image\" src=\"https:\/\/vkterasrakenne.fi\/wp-content\/uploads\/2026\/01\/2014_05_2.jpg\" alt=\"2014_05_2\" \/><\/figure><\/div>\t\t\t<\/div>\n\t\t\t\t\t\t\t\t\t\t\t\t<div class=\"elementor-swiper-button elementor-swiper-button-prev\" role=\"button\" tabindex=\"0\">\n\t\t\t\t\t\t<i aria-hidden=\"true\" class=\"eicon-chevron-left\"><\/i>\t\t\t\t\t<\/div>\n\t\t\t\t\t<div class=\"elementor-swiper-button elementor-swiper-button-next\" role=\"button\" tabindex=\"0\">\n\t\t\t\t\t\t<i aria-hidden=\"true\" class=\"eicon-chevron-right\"><\/i>\t\t\t\t\t<\/div>\n\t\t\t\t\n\t\t\t\t\t\t\t\t\t<div class=\"swiper-pagination\"><\/div>\n\t\t\t\t\t\t\t\t\t<\/div>\n\t\t\t\t\t\t<\/div>\n\t\t\t\t\t<\/div>\n\t\t<\/div>\n\t\t\t\t\t<\/div>\n\t\t<\/section>\n\t\t\t\t<section class=\"elementor-section elementor-top-section elementor-element elementor-element-9762ab1 elementor-section-boxed elementor-section-height-default elementor-section-height-default\" data-id=\"9762ab1\" data-element_type=\"section\">\n\t\t\t\t\t\t<div class=\"elementor-container elementor-column-gap-default\">\n\t\t\t\t\t<div class=\"elementor-column elementor-col-100 elementor-top-column elementor-element elementor-element-738191a\" data-id=\"738191a\" data-element_type=\"column\">\n\t\t\t<div class=\"elementor-widget-wrap elementor-element-populated\">\n\t\t\t\t\t\t<div class=\"elementor-element elementor-element-2cca7a7 elementor-widget elementor-widget-heading\" data-id=\"2cca7a7\" data-element_type=\"widget\" data-widget_type=\"heading.default\">\n\t\t\t\t\t<h3 class=\"elementor-heading-title elementor-size-large\">Steel piping<\/h3>\t\t\t\t<\/div>\n\t\t\t\t<div class=\"elementor-element elementor-element-972279c elementor-widget elementor-widget-text-editor\" data-id=\"972279c\" data-element_type=\"widget\" data-widget_type=\"text-editor.default\">\n\t\t\t\t\t\t\t\t\t<p>Piping in industrial plants, real estate and residential buildings requires versatile durability. Piping systems can transport solids, liquids and gases. Steel piping systems are an excellent solution when both acid resistance and longevity are required.<\/p><p>Our stainless steel pipes are resistant to both mechanical stress and chemical wear.<\/p><p>Our most common contracting projects are the connections of new\/existing equipment in industrial plants, for example, the connections of tanks and cooling equipment.<\/p><p>Regarding plumbing projects, our daily activities include:<\/p><ul><li>Welding and processing of stainless and acid-resistant materials<\/li><li>Welding and processing of aluminum<\/li><li>Manufacture of Fe-steel structures (parts and assemblies)<\/li><\/ul><p>Our current welding methods:<\/p><p><a href=\"https:\/\/vkterasrakenne.fi\/wp-content\/uploads\/2026\/01\/0343-CPR-PRJ11100407398-1_Sch04_V-K-Terasrakenne-Oy-EN-1090-1-10-25.pdf\">Certificate EN 1090-1:2009\/A1:2011<\/a>\u00a0<\/p><p>In our production facilities, we manufacture the following for installation projects:<\/p><ul><li>Steel Structures<\/li><li>Industrial piping<\/li><li>Frames<\/li><\/ul><p>Check out our references <a href=\"https:\/\/vkterasrakenne.fi\/en\/referenssit\/\">in our reference list<\/a><\/p>\t\t\t\t\t\t\t\t<\/div>\n\t\t\t\t\t<\/div>\n\t\t<\/div>\n\t\t\t\t\t<\/div>\n\t\t<\/section>\n\t\t\t\t<section class=\"elementor-section elementor-top-section elementor-element elementor-element-64db07e0 elementor-section-boxed elementor-section-height-default elementor-section-height-default\" data-id=\"64db07e0\" data-element_type=\"section\">\n\t\t\t\t\t\t<div class=\"elementor-container elementor-column-gap-no\">\n\t\t\t\t\t<div class=\"elementor-column elementor-col-100 elementor-top-column elementor-element elementor-element-111af228\" data-id=\"111af228\" data-element_type=\"column\">\n\t\t\t<div class=\"elementor-widget-wrap\">\n\t\t\t\t\t\t\t<\/div>\n\t\t<\/div>\n\t\t\t\t\t<\/div>\n\t\t<\/section>\n\t\t\t\t<section class=\"elementor-section elementor-top-section elementor-element elementor-element-1a2316eb elementor-section-boxed elementor-section-height-default elementor-section-height-default\" data-id=\"1a2316eb\" data-element_type=\"section\" data-settings=\"{&quot;background_background&quot;:&quot;classic&quot;}\">\n\t\t\t\t\t\t<div class=\"elementor-container elementor-column-gap-default\">\n\t\t\t\t\t<div class=\"elementor-column elementor-col-100 elementor-top-column elementor-element elementor-element-6cd05acc\" data-id=\"6cd05acc\" data-element_type=\"column\">\n\t\t\t<div class=\"elementor-widget-wrap elementor-element-populated\">\n\t\t\t\t\t\t<div class=\"elementor-element elementor-element-36fd79e0 elementor-widget elementor-widget-image-carousel\" data-id=\"36fd79e0\" data-element_type=\"widget\" data-settings=\"{&quot;slides_to_show&quot;:&quot;4&quot;,&quot;navigation&quot;:&quot;none&quot;,&quot;image_spacing_custom&quot;:{&quot;unit&quot;:&quot;px&quot;,&quot;size&quot;:&quot;50&quot;,&quot;sizes&quot;:[]},&quot;slides_to_show_tablet&quot;:&quot;3&quot;,&quot;autoplay&quot;:&quot;yes&quot;,&quot;pause_on_hover&quot;:&quot;yes&quot;,&quot;pause_on_interaction&quot;:&quot;yes&quot;,&quot;autoplay_speed&quot;:5000,&quot;infinite&quot;:&quot;yes&quot;,&quot;speed&quot;:500,&quot;image_spacing_custom_tablet&quot;:{&quot;unit&quot;:&quot;px&quot;,&quot;size&quot;:&quot;&quot;,&quot;sizes&quot;:[]},&quot;image_spacing_custom_mobile&quot;:{&quot;unit&quot;:&quot;px&quot;,&quot;size&quot;:&quot;&quot;,&quot;sizes&quot;:[]}}\" data-widget_type=\"image-carousel.default\">\n\t\t\t\t\t\t\t<div class=\"elementor-image-carousel-wrapper swiper\" role=\"region\" aria-roledescription=\"carousel\" aria-label=\"Image Carousel\" dir=\"ltr\">\n\t\t\t<div class=\"elementor-image-carousel swiper-wrapper\" aria-live=\"off\">\n\t\t\t\t\t\t\t\t<div class=\"swiper-slide\" role=\"group\" aria-roledescription=\"slide\" aria-label=\"1 of 4\"><figure class=\"swiper-slide-inner\"><img decoding=\"async\" class=\"swiper-slide-image\" src=\"https:\/\/vkterasrakenne.fi\/wp-content\/uploads\/2026\/01\/TEXTRIGHT_BLACK_1080x265-e1769482470920.png\" alt=\"TEXTRIGHT_BLACK_1080x265\" \/><\/figure><\/div><div class=\"swiper-slide\" role=\"group\" aria-roledescription=\"slide\" aria-label=\"2 of 4\"><figure class=\"swiper-slide-inner\"><img decoding=\"async\" class=\"swiper-slide-image\" src=\"https:\/\/vkterasrakenne.fi\/wp-content\/uploads\/2026\/01\/1769482274374-6fe01ec9-a872-4c3c-a991-01bf34779981_1-e1769482829234.jpg\" alt=\"1769482274374-6fe01ec9-a872-4c3c-a991-01bf34779981_1\" \/><\/figure><\/div><div class=\"swiper-slide\" role=\"group\" aria-roledescription=\"slide\" aria-label=\"3 of 4\"><figure class=\"swiper-slide-inner\"><img decoding=\"async\" class=\"swiper-slide-image\" src=\"https:\/\/vkterasrakenne.fi\/wp-content\/uploads\/2021\/05\/ce.jpg\" alt=\"ce\" \/><\/figure><\/div><div class=\"swiper-slide\" role=\"group\" aria-roledescription=\"slide\" aria-label=\"4 of 4\"><figure class=\"swiper-slide-inner\"><img decoding=\"async\" class=\"swiper-slide-image\" src=\"https:\/\/vkterasrakenne.fi\/wp-content\/uploads\/2026\/01\/welding_society.png\" alt=\"welding_society\" \/><\/figure><\/div>\t\t\t<\/div>\n\t\t\t\t\t\t\t\n\t\t\t\t\t\t\t\t\t<\/div>\n\t\t\t\t\t\t<\/div>\n\t\t\t\t\t<\/div>\n\t\t<\/div>\n\t\t\t\t\t<\/div>\n\t\t<\/section>\n\t\t\t\t<\/div>","protected":false},"excerpt":{"rendered":"<p>Ter\u00e4sputkistot Teollisuuslaitosten, kiinteist\u00f6jen ja asuinrakennusten putkistoilta vaaditaan monipuolista kest\u00e4vyytt\u00e4. Putkistoja pitkin voidaan kuljettaa sek\u00e4 kiinte\u00e4\u00e4 ainesta, nestett\u00e4 ett\u00e4 kaasuja. Ter\u00e4sputkistot ovat erinomainen ratkaisu, kun vaaditaan sek\u00e4 haponkest\u00e4vyytt\u00e4 ett\u00e4 pitk\u00e4ik\u00e4isyytt\u00e4. Ruostumattomasta ter\u00e4ksest\u00e4 valmistetut putkemme kest\u00e4v\u00e4t sek\u00e4 mekaanista rasitusta, ett\u00e4 kemiallista kulumista. Yleisimpi\u00e4 urakointikohteitamme ovat teollisuuslaitosten uusien \/ k\u00e4yt\u00f6ss\u00e4 olevien laitteiden kytkenn\u00e4t, esimerkiksi s\u00e4ili\u00f6iden ja j\u00e4\u00e4hdytyslaitteiden kytkenn\u00e4t. &hellip; <\/p>\n<p class=\"link-more\"><a href=\"https:\/\/vkterasrakenne.fi\/en\/putkistot\/\" class=\"more-link\">Continue reading<span class=\"screen-reader-text\"> &#8221;Putkistot&#8221;<\/span><\/a><\/p>","protected":false},"author":1,"featured_media":0,"parent":0,"menu_order":0,"comment_status":"closed","ping_status":"closed","template":"elementor_canvas","meta":{"_improvement_type_select":"improve_an_existing","_thumb_yes_seoaic":false,"_frame_yes_seoaic":false,"seoaic_generate_description":"","seoaic_improve_instructions_prompt":"","seoaic_rollback_content_improvement":"","seoaic_idea_thumbnail_generator":"","thumbnail_generated":false,"thumbnail_generate_prompt":"","seoaic_article_description":"","footnotes":""},"class_list":["post-101","page","type-page","status-publish","hentry","entry"],"_links":{"self":[{"href":"https:\/\/vkterasrakenne.fi\/en\/wp-json\/wp\/v2\/pages\/101","targetHints":{"allow":["GET"]}}],"collection":[{"href":"https:\/\/vkterasrakenne.fi\/en\/wp-json\/wp\/v2\/pages"}],"about":[{"href":"https:\/\/vkterasrakenne.fi\/en\/wp-json\/wp\/v2\/types\/page"}],"author":[{"embeddable":true,"href":"https:\/\/vkterasrakenne.fi\/en\/wp-json\/wp\/v2\/users\/1"}],"replies":[{"embeddable":true,"href":"https:\/\/vkterasrakenne.fi\/en\/wp-json\/wp\/v2\/comments?post=101"}],"version-history":[{"count":64,"href":"https:\/\/vkterasrakenne.fi\/en\/wp-json\/wp\/v2\/pages\/101\/revisions"}],"predecessor-version":[{"id":1725,"href":"https:\/\/vkterasrakenne.fi\/en\/wp-json\/wp\/v2\/pages\/101\/revisions\/1725"}],"wp:attachment":[{"href":"https:\/\/vkterasrakenne.fi\/en\/wp-json\/wp\/v2\/media?parent=101"}],"curies":[{"name":"wp","href":"https:\/\/api.w.org\/{rel}","templated":true}]}}