{"id":1700,"date":"2026-03-05T20:45:45","date_gmt":"2026-03-05T18:45:45","guid":{"rendered":"https:\/\/vkterasrakenne.fi\/?page_id=1700"},"modified":"2026-04-28T21:37:01","modified_gmt":"2026-04-28T18:37:01","slug":"kuljetukset","status":"publish","type":"page","link":"https:\/\/vkterasrakenne.fi\/en\/kuljetukset\/","title":{"rendered":"Transportation"},"content":{"rendered":"<div data-elementor-type=\"wp-page\" data-elementor-id=\"1700\" class=\"elementor elementor-1700\" data-elementor-post-type=\"page\">\n\t\t\t\t<div class=\"elementor-element elementor-element-8dcabe2 e-flex e-con-boxed e-con e-parent\" data-id=\"8dcabe2\" data-element_type=\"container\">\n\t\t\t\t\t<div class=\"e-con-inner\">\n\t\t\t\t<div class=\"elementor-element elementor-element-4f8f975 elementor-nav-menu__align-end elementor-nav-menu--dropdown-mobile elementor-nav-menu__text-align-aside elementor-nav-menu--toggle elementor-nav-menu--burger elementor-widget elementor-widget-nav-menu\" data-id=\"4f8f975\" data-element_type=\"widget\" data-settings=\"{&quot;layout&quot;:&quot;horizontal&quot;,&quot;submenu_icon&quot;:{&quot;value&quot;:&quot;&lt;i class=\\&quot;fas fa-caret-down\\&quot;&gt;&lt;\\\/i&gt;&quot;,&quot;library&quot;:&quot;fa-solid&quot;},&quot;toggle&quot;:&quot;burger&quot;}\" data-widget_type=\"nav-menu.default\">\n\t\t\t\t\t\t\t\t<nav aria-label=\"Menu\" class=\"elementor-nav-menu--main elementor-nav-menu__container elementor-nav-menu--layout-horizontal e--pointer-underline e--animation-fade\">\n\t\t\t\t<ul id=\"menu-1-4f8f975\" class=\"elementor-nav-menu\"><li class=\"menu-item menu-item-type-post_type menu-item-object-page menu-item-home menu-item-268\"><a href=\"https:\/\/vkterasrakenne.fi\/en\/\" class=\"elementor-item\">Front Page<\/a><\/li>\n<li class=\"menu-item menu-item-type-post_type menu-item-object-page menu-item-267\"><a href=\"https:\/\/vkterasrakenne.fi\/en\/putkistot\/\" class=\"elementor-item\">Pipelines<\/a><\/li>\n<li class=\"menu-item menu-item-type-post_type menu-item-object-page menu-item-266\"><a href=\"https:\/\/vkterasrakenne.fi\/en\/terasrakenteet-3\/\" class=\"elementor-item\">Steel Structures<\/a><\/li>\n<li class=\"menu-item menu-item-type-post_type menu-item-object-page menu-item-265\"><a href=\"https:\/\/vkterasrakenne.fi\/en\/referenssit\/\" class=\"elementor-item\">References<\/a><\/li>\n<li class=\"menu-item menu-item-type-post_type menu-item-object-page menu-item-1715\"><a href=\"https:\/\/vkterasrakenne.fi\/en\/kuljetukset\/\" class=\"elementor-item\">Transportation<\/a><\/li>\n<li class=\"menu-item menu-item-type-post_type menu-item-object-page menu-item-456\"><a href=\"https:\/\/vkterasrakenne.fi\/en\/rekrytointi\/\" class=\"elementor-item\">Recruitment<\/a><\/li>\n<li class=\"menu-item menu-item-type-post_type menu-item-object-page menu-item-264\"><a href=\"https:\/\/vkterasrakenne.fi\/en\/yhteystiedot\/\" class=\"elementor-item\">Contact Information<\/a><\/li>\n<\/ul>\t\t\t<\/nav>\n\t\t\t\t\t<div class=\"elementor-menu-toggle\" role=\"button\" tabindex=\"0\" aria-label=\"Menu Toggle\" aria-expanded=\"false\">\n\t\t\t<i aria-hidden=\"true\" role=\"presentation\" class=\"elementor-menu-toggle__icon--open eicon-menu-bar\"><\/i><i aria-hidden=\"true\" role=\"presentation\" class=\"elementor-menu-toggle__icon--close eicon-close\"><\/i>\t\t<\/div>\n\t\t\t\t\t<nav class=\"elementor-nav-menu--dropdown elementor-nav-menu__container\" aria-hidden=\"true\">\n\t\t\t\t<ul id=\"menu-2-4f8f975\" class=\"elementor-nav-menu\"><li class=\"menu-item menu-item-type-post_type menu-item-object-page menu-item-home menu-item-268\"><a href=\"https:\/\/vkterasrakenne.fi\/en\/\" class=\"elementor-item\" tabindex=\"-1\">Front Page<\/a><\/li>\n<li class=\"menu-item menu-item-type-post_type menu-item-object-page menu-item-267\"><a href=\"https:\/\/vkterasrakenne.fi\/en\/putkistot\/\" class=\"elementor-item\" tabindex=\"-1\">Pipelines<\/a><\/li>\n<li class=\"menu-item menu-item-type-post_type menu-item-object-page menu-item-266\"><a href=\"https:\/\/vkterasrakenne.fi\/en\/terasrakenteet-3\/\" class=\"elementor-item\" tabindex=\"-1\">Steel Structures<\/a><\/li>\n<li class=\"menu-item menu-item-type-post_type menu-item-object-page menu-item-265\"><a href=\"https:\/\/vkterasrakenne.fi\/en\/referenssit\/\" class=\"elementor-item\" tabindex=\"-1\">References<\/a><\/li>\n<li class=\"menu-item menu-item-type-post_type menu-item-object-page menu-item-1715\"><a href=\"https:\/\/vkterasrakenne.fi\/en\/kuljetukset\/\" class=\"elementor-item\" tabindex=\"-1\">Transportation<\/a><\/li>\n<li class=\"menu-item menu-item-type-post_type menu-item-object-page menu-item-456\"><a href=\"https:\/\/vkterasrakenne.fi\/en\/rekrytointi\/\" class=\"elementor-item\" tabindex=\"-1\">Recruitment<\/a><\/li>\n<li class=\"menu-item menu-item-type-post_type menu-item-object-page menu-item-264\"><a href=\"https:\/\/vkterasrakenne.fi\/en\/yhteystiedot\/\" class=\"elementor-item\" tabindex=\"-1\">Contact Information<\/a><\/li>\n<\/ul>\t\t\t<\/nav>\n\t\t\t\t\t\t<\/div>\n\t\t\t\t\t<\/div>\n\t\t\t\t<\/div>\n\t\t<div class=\"elementor-element elementor-element-3344c78 e-flex e-con-boxed e-con e-parent\" data-id=\"3344c78\" data-element_type=\"container\">\n\t\t\t\t\t<div class=\"e-con-inner\">\n\t\t\t\t<div class=\"elementor-element elementor-element-6c6479f elementor-widget elementor-widget-image\" data-id=\"6c6479f\" data-element_type=\"widget\" data-widget_type=\"image.default\">\n\t\t\t\t\t\t\t\t\t\t\t\t\t\t\t<img fetchpriority=\"high\" decoding=\"async\" width=\"1404\" height=\"477\" src=\"https:\/\/vkterasrakenne.fi\/wp-content\/uploads\/2026\/03\/Captura-de-pantalla-2026-03-05-195011.png\" class=\"attachment-full size-full wp-image-1704\" alt=\"\" srcset=\"https:\/\/vkterasrakenne.fi\/wp-content\/uploads\/2026\/03\/Captura-de-pantalla-2026-03-05-195011.png 1404w, https:\/\/vkterasrakenne.fi\/wp-content\/uploads\/2026\/03\/Captura-de-pantalla-2026-03-05-195011-300x102.png 300w, https:\/\/vkterasrakenne.fi\/wp-content\/uploads\/2026\/03\/Captura-de-pantalla-2026-03-05-195011-1024x348.png 1024w, https:\/\/vkterasrakenne.fi\/wp-content\/uploads\/2026\/03\/Captura-de-pantalla-2026-03-05-195011-768x261.png 768w\" sizes=\"(max-width: 1404px) 100vw, 1404px\" \/>\t\t\t\t\t\t\t\t\t\t\t\t\t\t\t<\/div>\n\t\t\t\t\t<\/div>\n\t\t\t\t<\/div>\n\t\t<div class=\"elementor-element elementor-element-935bac9 e-flex e-con-boxed e-con e-parent\" data-id=\"935bac9\" data-element_type=\"container\">\n\t\t\t\t\t<div class=\"e-con-inner\">\n\t\t\t\t<div class=\"elementor-element elementor-element-fdb3fbc elementor-widget elementor-widget-heading\" data-id=\"fdb3fbc\" data-element_type=\"widget\" data-widget_type=\"heading.default\">\n\t\t\t\t\t<h3 class=\"elementor-heading-title elementor-size-large\">Transportation<\/h3>\t\t\t\t<\/div>\n\t\t\t\t<div class=\"elementor-element elementor-element-56fe6a3 elementor-widget elementor-widget-heading\" data-id=\"56fe6a3\" data-element_type=\"widget\" data-widget_type=\"heading.default\">\n\t\t\t\t\t<h5 class=\"elementor-heading-title elementor-size-default\">Flatbed transport by V-K Ter\u00e4srakenne<\/h5>\t\t\t\t<\/div>\n\t\t\t\t<div class=\"elementor-element elementor-element-3d6a98b elementor-widget elementor-widget-text-editor\" data-id=\"3d6a98b\" data-element_type=\"widget\" data-widget_type=\"text-editor.default\">\n\t\t\t\t\t\t\t\t\t<p>Flatbed transport is a form of special transport where a truck and a very low trailer are used to transport heavy, large or high machines and vehicles. We have special permits and professional drivers to safely handle such special transports.<\/p><p>The most common flatbed transports:<\/p><p>\u2060\u2022\u2060\u00a0 \u2060Excavators, bulldozers and other construction machines<\/p><p>\u2022\u2060\u00a0 \u2060Agricultural vehicles<\/p><p>\u2022\u2060\u00a0 \u2060Various large industrial components<\/p><p>\u2022\u2060\u00a0 \u2060Other exceptionally heavy or wide loads<\/p><p>Do you need to transport a machine, vehicle or other large, exceptionally large object? V-K Ter\u00e4srakenne can arrange it. We are experts in flatbed transport from Eurajoki. We know exactly what requirements your transport must meet, and we also ensure that we are constantly up to date with current road construction sites. This guarantees a smooth and fast transport process.<\/p>\t\t\t\t\t\t\t\t<\/div>\n\t\t\t\t<div class=\"elementor-element elementor-element-566ba21 elementor-widget elementor-widget-heading\" data-id=\"566ba21\" data-element_type=\"widget\" data-widget_type=\"heading.default\">\n\t\t\t\t\t<h5 class=\"elementor-heading-title elementor-size-default\">Soil materials delivered without hassle \u2013 V-K Ter\u00e4srakenne at your service<\/h5>\t\t\t\t<\/div>\n\t\t\t\t<div class=\"elementor-element elementor-element-6efcd3c elementor-widget elementor-widget-text-editor\" data-id=\"6efcd3c\" data-element_type=\"widget\" data-widget_type=\"text-editor.default\">\n\t\t\t\t\t\t\t\t\t<p>Do you need help with soil transportation? Save your time and leave the hard work to us. V-K Ter\u00e4srakenne transports sand, soil and gravel for both home gardeners and professional builders.<\/p><p>We deliver loads of all sizes to the destination of your choice:<\/p><p>\u2022\u2060\u00a0 \u2060Soil for yard construction and landscaping<\/p><p>\u2022 Sand for foundation work and street elevations<\/p><p>\u2022 Gravel for surfacing roads and parking areas<\/p>\t\t\t\t\t\t\t\t<\/div>\n\t\t\t\t<div class=\"elementor-element elementor-element-993e4ee elementor-widget elementor-widget-heading\" data-id=\"993e4ee\" data-element_type=\"widget\" data-widget_type=\"heading.default\">\n\t\t\t\t\t<h5 class=\"elementor-heading-title elementor-size-default\">Responsible and reliable service<\/h5>\t\t\t\t<\/div>\n\t\t\t\t<div class=\"elementor-element elementor-element-09b6501 elementor-widget elementor-widget-text-editor\" data-id=\"09b6501\" data-element_type=\"widget\" data-widget_type=\"text-editor.default\">\n\t\t\t\t\t\t\t\t\t<p>Regulations for soil transportation are constantly tightening, but you can rest assured with us. V-K Ter\u00e4srakenne has all the necessary permits in place, and our equipment is well-maintained and modern. Thanks to our spacious platform and efficient equipment, we handle various types of soil materials efficiently and neatly.<\/p>\t\t\t\t\t\t\t\t<\/div>\n\t\t\t\t<div class=\"elementor-element elementor-element-4e90dc2 elementor-widget elementor-widget-heading\" data-id=\"4e90dc2\" data-element_type=\"widget\" data-widget_type=\"heading.default\">\n\t\t\t\t\t<h5 class=\"elementor-heading-title elementor-size-default\">Contact us and request a quote:<\/h5>\t\t\t\t<\/div>\n\t\t\t\t<div class=\"elementor-element elementor-element-ee4e47a elementor-widget elementor-widget-text-editor\" data-id=\"ee4e47a\" data-element_type=\"widget\" data-widget_type=\"text-editor.default\">\n\t\t\t\t\t\t\t\t\t<p>Vasarainen | 0500 159 549<\/p>\t\t\t\t\t\t\t\t<\/div>\n\t\t\t\t\t<\/div>\n\t\t\t\t<\/div>\n\t\t<div class=\"elementor-element elementor-element-abc6065 e-flex e-con-boxed e-con e-parent\" data-id=\"abc6065\" data-element_type=\"container\">\n\t\t\t\t\t<div class=\"e-con-inner\">\n\t\t\t\t<div class=\"elementor-element elementor-element-b69b038 gallery-spacing-custom elementor-widget elementor-widget-image-gallery\" data-id=\"b69b038\" data-element_type=\"widget\" data-widget_type=\"image-gallery.default\">\n\t\t\t\t\t\t\t<div class=\"elementor-image-gallery\">\n\t\t\t<div id='gallery-1' class='gallery galleryid-1700 gallery-columns-3 gallery-size-full'><figure class='gallery-item'>\n\t\t\t<div class='gallery-icon portrait'>\n\t\t\t\t<a data-elementor-open-lightbox=\"yes\" data-elementor-lightbox-slideshow=\"b69b038\" data-elementor-lightbox-title=\"truck_left_resized\" data-e-action-hash=\"#elementor-action%3Aaction%3Dlightbox%26settings%3DeyJpZCI6MTcwNiwidXJsIjoiaHR0cHM6XC9cL3ZrdGVyYXNyYWtlbm5lLmZpXC93cC1jb250ZW50XC91cGxvYWRzXC8yMDI2XC8wM1wvdHJ1Y2tfbGVmdF9yZXNpemVkLnBuZyIsInNsaWRlc2hvdyI6ImI2OWIwMzgifQ%3D%3D\" href='https:\/\/vkterasrakenne.fi\/wp-content\/uploads\/2026\/03\/truck_left_resized.png'><img decoding=\"async\" width=\"853\" height=\"1514\" src=\"https:\/\/vkterasrakenne.fi\/wp-content\/uploads\/2026\/03\/truck_left_resized.png\" class=\"attachment-full size-full\" alt=\"\" srcset=\"https:\/\/vkterasrakenne.fi\/wp-content\/uploads\/2026\/03\/truck_left_resized.png 853w, https:\/\/vkterasrakenne.fi\/wp-content\/uploads\/2026\/03\/truck_left_resized-169x300.png 169w, https:\/\/vkterasrakenne.fi\/wp-content\/uploads\/2026\/03\/truck_left_resized-577x1024.png 577w, https:\/\/vkterasrakenne.fi\/wp-content\/uploads\/2026\/03\/truck_left_resized-768x1363.png 768w\" sizes=\"(max-width: 853px) 100vw, 853px\" \/><\/a>\n\t\t\t<\/div><\/figure><figure class='gallery-item'>\n\t\t\t<div class='gallery-icon portrait'>\n\t\t\t\t<a data-elementor-open-lightbox=\"yes\" data-elementor-lightbox-slideshow=\"b69b038\" data-elementor-lightbox-title=\"truck_resized\" data-e-action-hash=\"#elementor-action%3Aaction%3Dlightbox%26settings%3DeyJpZCI6MTcwNywidXJsIjoiaHR0cHM6XC9cL3ZrdGVyYXNyYWtlbm5lLmZpXC93cC1jb250ZW50XC91cGxvYWRzXC8yMDI2XC8wM1wvdHJ1Y2tfcmVzaXplZC1lMTc3MjczNTg5OTEzNS5qcGVnIiwic2xpZGVzaG93IjoiYjY5YjAzOCJ9\" href='https:\/\/vkterasrakenne.fi\/wp-content\/uploads\/2026\/03\/truck_resized-e1772735899135.jpeg'><img decoding=\"async\" width=\"853\" height=\"1514\" src=\"https:\/\/vkterasrakenne.fi\/wp-content\/uploads\/2026\/03\/truck_resized-e1772735899135.jpeg\" class=\"attachment-full size-full\" alt=\"\" srcset=\"https:\/\/vkterasrakenne.fi\/wp-content\/uploads\/2026\/03\/truck_resized-e1772735899135.jpeg 853w, https:\/\/vkterasrakenne.fi\/wp-content\/uploads\/2026\/03\/truck_resized-e1772735899135-169x300.jpeg 169w, https:\/\/vkterasrakenne.fi\/wp-content\/uploads\/2026\/03\/truck_resized-e1772735899135-577x1024.jpeg 577w, https:\/\/vkterasrakenne.fi\/wp-content\/uploads\/2026\/03\/truck_resized-e1772735899135-768x1363.jpeg 768w\" sizes=\"(max-width: 853px) 100vw, 853px\" \/><\/a>\n\t\t\t<\/div><\/figure><figure class='gallery-item'>\n\t\t\t<div class='gallery-icon portrait'>\n\t\t\t\t<a data-elementor-open-lightbox=\"yes\" data-elementor-lightbox-slideshow=\"b69b038\" data-elementor-lightbox-title=\"truck_right_resized\" data-e-action-hash=\"#elementor-action%3Aaction%3Dlightbox%26settings%3DeyJpZCI6MTcwOCwidXJsIjoiaHR0cHM6XC9cL3ZrdGVyYXNyYWtlbm5lLmZpXC93cC1jb250ZW50XC91cGxvYWRzXC8yMDI2XC8wM1wvdHJ1Y2tfcmlnaHRfcmVzaXplZC1lMTc3MjczNTkzMjQzNy5qcGVnIiwic2xpZGVzaG93IjoiYjY5YjAzOCJ9\" href='https:\/\/vkterasrakenne.fi\/wp-content\/uploads\/2026\/03\/truck_right_resized-e1772735932437.jpeg'><img loading=\"lazy\" decoding=\"async\" width=\"853\" height=\"1514\" src=\"https:\/\/vkterasrakenne.fi\/wp-content\/uploads\/2026\/03\/truck_right_resized-e1772735932437.jpeg\" class=\"attachment-full size-full\" alt=\"\" srcset=\"https:\/\/vkterasrakenne.fi\/wp-content\/uploads\/2026\/03\/truck_right_resized-e1772735932437.jpeg 853w, https:\/\/vkterasrakenne.fi\/wp-content\/uploads\/2026\/03\/truck_right_resized-e1772735932437-169x300.jpeg 169w, https:\/\/vkterasrakenne.fi\/wp-content\/uploads\/2026\/03\/truck_right_resized-e1772735932437-577x1024.jpeg 577w, https:\/\/vkterasrakenne.fi\/wp-content\/uploads\/2026\/03\/truck_right_resized-e1772735932437-768x1363.jpeg 768w\" sizes=\"(max-width: 853px) 100vw, 853px\" \/><\/a>\n\t\t\t<\/div><\/figure>\n\t\t<\/div>\n\t\t<\/div>\n\t\t\t\t\t\t<\/div>\n\t\t\t\t\t<\/div>\n\t\t\t\t<\/div>\n\t\t\t\t<section class=\"elementor-section elementor-top-section elementor-element elementor-element-1fbd7db elementor-section-boxed elementor-section-height-default elementor-section-height-default\" data-id=\"1fbd7db\" data-element_type=\"section\">\n\t\t\t\t\t\t<div class=\"elementor-container elementor-column-gap-default\">\n\t\t\t\t\t<div class=\"elementor-column elementor-col-100 elementor-top-column elementor-element elementor-element-bff0f3b\" data-id=\"bff0f3b\" data-element_type=\"column\">\n\t\t\t<div class=\"elementor-widget-wrap elementor-element-populated\">\n\t\t\t\t\t\t<div class=\"elementor-element elementor-element-6c64660 elementor-widget elementor-widget-image-carousel\" data-id=\"6c64660\" data-element_type=\"widget\" data-settings=\"{&quot;slides_to_show&quot;:&quot;4&quot;,&quot;navigation&quot;:&quot;none&quot;,&quot;image_spacing_custom&quot;:{&quot;unit&quot;:&quot;px&quot;,&quot;size&quot;:&quot;50&quot;,&quot;sizes&quot;:[]},&quot;slides_to_show_tablet&quot;:&quot;3&quot;,&quot;autoplay&quot;:&quot;yes&quot;,&quot;pause_on_hover&quot;:&quot;yes&quot;,&quot;pause_on_interaction&quot;:&quot;yes&quot;,&quot;autoplay_speed&quot;:5000,&quot;infinite&quot;:&quot;yes&quot;,&quot;speed&quot;:500,&quot;image_spacing_custom_tablet&quot;:{&quot;unit&quot;:&quot;px&quot;,&quot;size&quot;:&quot;&quot;,&quot;sizes&quot;:[]},&quot;image_spacing_custom_mobile&quot;:{&quot;unit&quot;:&quot;px&quot;,&quot;size&quot;:&quot;&quot;,&quot;sizes&quot;:[]}}\" data-widget_type=\"image-carousel.default\">\n\t\t\t\t\t\t\t<div class=\"elementor-image-carousel-wrapper swiper\" role=\"region\" aria-roledescription=\"carousel\" aria-label=\"Image Carousel\" dir=\"ltr\">\n\t\t\t<div class=\"elementor-image-carousel swiper-wrapper\" aria-live=\"off\">\n\t\t\t\t\t\t\t\t<div class=\"swiper-slide\" role=\"group\" aria-roledescription=\"slide\" aria-label=\"1 of 4\"><figure class=\"swiper-slide-inner\"><img decoding=\"async\" class=\"swiper-slide-image\" src=\"https:\/\/vkterasrakenne.fi\/wp-content\/uploads\/2026\/01\/TEXTRIGHT_BLACK_1080x265-e1769482470920.png\" alt=\"TEXTRIGHT_BLACK_1080x265\" \/><\/figure><\/div><div class=\"swiper-slide\" role=\"group\" aria-roledescription=\"slide\" aria-label=\"2 of 4\"><figure class=\"swiper-slide-inner\"><img decoding=\"async\" class=\"swiper-slide-image\" src=\"https:\/\/vkterasrakenne.fi\/wp-content\/uploads\/2026\/01\/1769482274374-6fe01ec9-a872-4c3c-a991-01bf34779981_1-e1769482829234.jpg\" alt=\"1769482274374-6fe01ec9-a872-4c3c-a991-01bf34779981_1\" \/><\/figure><\/div><div class=\"swiper-slide\" role=\"group\" aria-roledescription=\"slide\" aria-label=\"3 of 4\"><figure class=\"swiper-slide-inner\"><img decoding=\"async\" class=\"swiper-slide-image\" src=\"https:\/\/vkterasrakenne.fi\/wp-content\/uploads\/2021\/05\/ce.jpg\" alt=\"ce\" \/><\/figure><\/div><div class=\"swiper-slide\" role=\"group\" aria-roledescription=\"slide\" aria-label=\"4 of 4\"><figure class=\"swiper-slide-inner\"><img decoding=\"async\" class=\"swiper-slide-image\" src=\"https:\/\/vkterasrakenne.fi\/wp-content\/uploads\/2026\/01\/welding_society.png\" alt=\"welding_society\" \/><\/figure><\/div>\t\t\t<\/div>\n\t\t\t\t\t\t\t\n\t\t\t\t\t\t\t\t\t<\/div>\n\t\t\t\t\t\t<\/div>\n\t\t\t\t\t<\/div>\n\t\t<\/div>\n\t\t\t\t\t<\/div>\n\t\t<\/section>\n\t\t\t\t<\/div>","protected":false},"excerpt":{"rendered":"<p>Kuljetukset Lavettikuljetukset V-K Ter\u00e4srakenteelta Lavettikuljetus on erikoiskuljetuksen muoto, jossa kuorma-autoa ja eritt\u00e4in matalaa per\u00e4vaunua k\u00e4ytet\u00e4\u00e4n raskaiden, suurten tai korkeiden koneiden ja ajoneuvojen kuljettamiseen. Meill\u00e4 on erityisluvat ja ammattikuljettajat\u00a0 t\u00e4llaisten erikoiskuljetusten varmaan hoitamiseen. Yleisimm\u00e4t lavettikuljetukset: \u2022\u2060\u00a0 \u2060Kaivinkoneet, puskutraktorit ja muut rakennuskoneet \u2022\u2060\u00a0 \u2060Maatalousajoneuvot \u2022\u2060\u00a0 \u2060Erilaiset teollisuuden suurikokoiset komponentit \u2022\u2060\u00a0 \u2060Muut poikkeuksellisen raskaat tai leve\u00e4t kuormat Tarvitsetko &hellip; <\/p>\n<p class=\"link-more\"><a href=\"https:\/\/vkterasrakenne.fi\/en\/kuljetukset\/\" class=\"more-link\">Continue reading<span class=\"screen-reader-text\"> &#8221;Kuljetukset&#8221;<\/span><\/a><\/p>","protected":false},"author":4,"featured_media":0,"parent":0,"menu_order":5,"comment_status":"closed","ping_status":"closed","template":"elementor_canvas","meta":{"_improvement_type_select":"improve_an_existing","_thumb_yes_seoaic":false,"_frame_yes_seoaic":false,"seoaic_generate_description":"","seoaic_improve_instructions_prompt":"","seoaic_rollback_content_improvement":"","seoaic_idea_thumbnail_generator":"","thumbnail_generated":false,"thumbnail_generate_prompt":"","seoaic_article_description":"","footnotes":""},"class_list":["post-1700","page","type-page","status-publish","hentry","entry"],"_links":{"self":[{"href":"https:\/\/vkterasrakenne.fi\/en\/wp-json\/wp\/v2\/pages\/1700","targetHints":{"allow":["GET"]}}],"collection":[{"href":"https:\/\/vkterasrakenne.fi\/en\/wp-json\/wp\/v2\/pages"}],"about":[{"href":"https:\/\/vkterasrakenne.fi\/en\/wp-json\/wp\/v2\/types\/page"}],"author":[{"embeddable":true,"href":"https:\/\/vkterasrakenne.fi\/en\/wp-json\/wp\/v2\/users\/4"}],"replies":[{"embeddable":true,"href":"https:\/\/vkterasrakenne.fi\/en\/wp-json\/wp\/v2\/comments?post=1700"}],"version-history":[{"count":12,"href":"https:\/\/vkterasrakenne.fi\/en\/wp-json\/wp\/v2\/pages\/1700\/revisions"}],"predecessor-version":[{"id":1728,"href":"https:\/\/vkterasrakenne.fi\/en\/wp-json\/wp\/v2\/pages\/1700\/revisions\/1728"}],"wp:attachment":[{"href":"https:\/\/vkterasrakenne.fi\/en\/wp-json\/wp\/v2\/media?parent=1700"}],"curies":[{"name":"wp","href":"https:\/\/api.w.org\/{rel}","templated":true}]}}