{"id":444,"date":"2023-11-27T14:11:59","date_gmt":"2023-11-27T12:11:59","guid":{"rendered":"https:\/\/vkterasrakenne.fi\/?page_id=444"},"modified":"2026-01-27T10:18:44","modified_gmt":"2026-01-27T08:18:44","slug":"rekrytointi","status":"publish","type":"page","link":"https:\/\/vkterasrakenne.fi\/en\/rekrytointi\/","title":{"rendered":"Recruitment"},"content":{"rendered":"<div data-elementor-type=\"wp-page\" data-elementor-id=\"444\" class=\"elementor elementor-444\" data-elementor-post-type=\"page\">\n\t\t\t\t\t\t<section class=\"elementor-section elementor-top-section elementor-element elementor-element-1c7c7acd elementor-section-boxed elementor-section-height-default elementor-section-height-default\" data-id=\"1c7c7acd\" data-element_type=\"section\">\n\t\t\t\t\t\t<div class=\"elementor-container elementor-column-gap-default\">\n\t\t\t\t\t<div class=\"elementor-column elementor-col-100 elementor-top-column elementor-element elementor-element-3bf91d4e\" data-id=\"3bf91d4e\" data-element_type=\"column\">\n\t\t\t<div class=\"elementor-widget-wrap elementor-element-populated\">\n\t\t\t\t\t\t<div class=\"elementor-element elementor-element-73a2faa6 elementor-nav-menu__align-end elementor-nav-menu--dropdown-mobile elementor-nav-menu__text-align-aside elementor-nav-menu--toggle elementor-nav-menu--burger elementor-widget elementor-widget-nav-menu\" data-id=\"73a2faa6\" data-element_type=\"widget\" data-settings=\"{&quot;layout&quot;:&quot;horizontal&quot;,&quot;submenu_icon&quot;:{&quot;value&quot;:&quot;&lt;i class=\\&quot;fas fa-caret-down\\&quot;&gt;&lt;\\\/i&gt;&quot;,&quot;library&quot;:&quot;fa-solid&quot;},&quot;toggle&quot;:&quot;burger&quot;}\" data-widget_type=\"nav-menu.default\">\n\t\t\t\t\t\t\t\t<nav aria-label=\"Menu\" class=\"elementor-nav-menu--main elementor-nav-menu__container elementor-nav-menu--layout-horizontal e--pointer-underline e--animation-fade\">\n\t\t\t\t<ul id=\"menu-1-73a2faa6\" class=\"elementor-nav-menu\"><li class=\"menu-item menu-item-type-post_type menu-item-object-page menu-item-home menu-item-268\"><a href=\"https:\/\/vkterasrakenne.fi\/en\/\" class=\"elementor-item\">Front Page<\/a><\/li>\n<li class=\"menu-item menu-item-type-post_type menu-item-object-page menu-item-267\"><a href=\"https:\/\/vkterasrakenne.fi\/en\/putkistot\/\" class=\"elementor-item\">Pipelines<\/a><\/li>\n<li class=\"menu-item menu-item-type-post_type menu-item-object-page menu-item-266\"><a href=\"https:\/\/vkterasrakenne.fi\/en\/terasrakenteet-3\/\" class=\"elementor-item\">Steel Structures<\/a><\/li>\n<li class=\"menu-item menu-item-type-post_type menu-item-object-page menu-item-265\"><a href=\"https:\/\/vkterasrakenne.fi\/en\/referenssit\/\" class=\"elementor-item\">References<\/a><\/li>\n<li class=\"menu-item menu-item-type-post_type menu-item-object-page menu-item-1715\"><a href=\"https:\/\/vkterasrakenne.fi\/en\/kuljetukset\/\" class=\"elementor-item\">Transportation<\/a><\/li>\n<li class=\"menu-item menu-item-type-post_type menu-item-object-page menu-item-456\"><a href=\"https:\/\/vkterasrakenne.fi\/en\/rekrytointi\/\" class=\"elementor-item\">Recruitment<\/a><\/li>\n<li class=\"menu-item menu-item-type-post_type menu-item-object-page menu-item-264\"><a href=\"https:\/\/vkterasrakenne.fi\/en\/yhteystiedot\/\" class=\"elementor-item\">Contact Information<\/a><\/li>\n<\/ul>\t\t\t<\/nav>\n\t\t\t\t\t<div class=\"elementor-menu-toggle\" role=\"button\" tabindex=\"0\" aria-label=\"Menu Toggle\" aria-expanded=\"false\">\n\t\t\t<i aria-hidden=\"true\" role=\"presentation\" class=\"elementor-menu-toggle__icon--open eicon-menu-bar\"><\/i><i aria-hidden=\"true\" role=\"presentation\" class=\"elementor-menu-toggle__icon--close eicon-close\"><\/i>\t\t<\/div>\n\t\t\t\t\t<nav class=\"elementor-nav-menu--dropdown elementor-nav-menu__container\" aria-hidden=\"true\">\n\t\t\t\t<ul id=\"menu-2-73a2faa6\" class=\"elementor-nav-menu\"><li class=\"menu-item menu-item-type-post_type menu-item-object-page menu-item-home menu-item-268\"><a href=\"https:\/\/vkterasrakenne.fi\/en\/\" class=\"elementor-item\" tabindex=\"-1\">Front Page<\/a><\/li>\n<li class=\"menu-item menu-item-type-post_type menu-item-object-page menu-item-267\"><a href=\"https:\/\/vkterasrakenne.fi\/en\/putkistot\/\" class=\"elementor-item\" tabindex=\"-1\">Pipelines<\/a><\/li>\n<li class=\"menu-item menu-item-type-post_type menu-item-object-page menu-item-266\"><a href=\"https:\/\/vkterasrakenne.fi\/en\/terasrakenteet-3\/\" class=\"elementor-item\" tabindex=\"-1\">Steel Structures<\/a><\/li>\n<li class=\"menu-item menu-item-type-post_type menu-item-object-page menu-item-265\"><a href=\"https:\/\/vkterasrakenne.fi\/en\/referenssit\/\" class=\"elementor-item\" tabindex=\"-1\">References<\/a><\/li>\n<li class=\"menu-item menu-item-type-post_type menu-item-object-page menu-item-1715\"><a href=\"https:\/\/vkterasrakenne.fi\/en\/kuljetukset\/\" class=\"elementor-item\" tabindex=\"-1\">Transportation<\/a><\/li>\n<li class=\"menu-item menu-item-type-post_type menu-item-object-page menu-item-456\"><a href=\"https:\/\/vkterasrakenne.fi\/en\/rekrytointi\/\" class=\"elementor-item\" tabindex=\"-1\">Recruitment<\/a><\/li>\n<li class=\"menu-item menu-item-type-post_type menu-item-object-page menu-item-264\"><a href=\"https:\/\/vkterasrakenne.fi\/en\/yhteystiedot\/\" class=\"elementor-item\" tabindex=\"-1\">Contact Information<\/a><\/li>\n<\/ul>\t\t\t<\/nav>\n\t\t\t\t\t\t<\/div>\n\t\t\t\t<div class=\"elementor-element elementor-element-22608ad4 elementor-widget elementor-widget-image\" data-id=\"22608ad4\" data-element_type=\"widget\" data-widget_type=\"image.default\">\n\t\t\t\t\t\t\t\t\t\t\t\t\t\t\t<img fetchpriority=\"high\" decoding=\"async\" width=\"2048\" height=\"858\" src=\"https:\/\/vkterasrakenne.fi\/wp-content\/uploads\/2024\/04\/v-k.jpg\" class=\"attachment-full size-full wp-image-599\" alt=\"\" srcset=\"https:\/\/vkterasrakenne.fi\/wp-content\/uploads\/2024\/04\/v-k.jpg 2048w, https:\/\/vkterasrakenne.fi\/wp-content\/uploads\/2024\/04\/v-k-300x126.jpg 300w, https:\/\/vkterasrakenne.fi\/wp-content\/uploads\/2024\/04\/v-k-1024x429.jpg 1024w, https:\/\/vkterasrakenne.fi\/wp-content\/uploads\/2024\/04\/v-k-768x322.jpg 768w, https:\/\/vkterasrakenne.fi\/wp-content\/uploads\/2024\/04\/v-k-1536x644.jpg 1536w, https:\/\/vkterasrakenne.fi\/wp-content\/uploads\/2024\/04\/v-k-1568x657.jpg 1568w\" sizes=\"(max-width: 2048px) 100vw, 2048px\" \/>\t\t\t\t\t\t\t\t\t\t\t\t\t\t\t<\/div>\n\t\t\t\t\t<\/div>\n\t\t<\/div>\n\t\t\t\t\t<\/div>\n\t\t<\/section>\n\t\t\t\t<section class=\"elementor-section elementor-top-section elementor-element elementor-element-6c4e8584 elementor-section-boxed elementor-section-height-default elementor-section-height-default\" data-id=\"6c4e8584\" data-element_type=\"section\">\n\t\t\t\t\t\t<div class=\"elementor-container elementor-column-gap-default\">\n\t\t\t\t\t<div class=\"elementor-column elementor-col-100 elementor-top-column elementor-element elementor-element-35906980\" data-id=\"35906980\" data-element_type=\"column\">\n\t\t\t<div class=\"elementor-widget-wrap elementor-element-populated\">\n\t\t\t\t\t\t<div class=\"elementor-element elementor-element-4b1923c7 elementor-widget elementor-widget-heading\" data-id=\"4b1923c7\" data-element_type=\"widget\" data-widget_type=\"heading.default\">\n\t\t\t\t\t<h3 class=\"elementor-heading-title elementor-size-large\">Come work with us!<\/h3>\t\t\t\t<\/div>\n\t\t\t\t<div class=\"elementor-element elementor-element-6222f65f elementor-widget elementor-widget-text-editor\" data-id=\"6222f65f\" data-element_type=\"widget\" data-widget_type=\"text-editor.default\">\n\t\t\t\t\t\t\t\t\t<p>Our current welding methods:<\/p><ul><li>Welding and processing of stainless and acid-resistant materials<\/li><li>Welding and processing of aluminum<\/li><li>Manufacture of Fe-steel structures (parts and assemblies)<\/li><\/ul><p>\u00a0<\/p><p>In our production facilities, we manufacture the following for installation projects:<\/p><ul><li>Steel Structures<\/li><li>Industrial piping<\/li><li>Frames<\/li><\/ul><p>\u00a0<\/p>\t\t\t\t\t\t\t\t<\/div>\n\t\t\t\t\t<\/div>\n\t\t<\/div>\n\t\t\t\t\t<\/div>\n\t\t<\/section>\n\t\t\t\t<section class=\"elementor-section elementor-top-section elementor-element elementor-element-87ca515 elementor-section-boxed elementor-section-height-default elementor-section-height-default\" data-id=\"87ca515\" data-element_type=\"section\">\n\t\t\t\t\t\t<div class=\"elementor-container elementor-column-gap-no\">\n\t\t\t\t\t<div class=\"elementor-column elementor-col-100 elementor-top-column elementor-element elementor-element-2095d473\" data-id=\"2095d473\" data-element_type=\"column\">\n\t\t\t<div class=\"elementor-widget-wrap elementor-element-populated\">\n\t\t\t\t\t\t<div class=\"elementor-element elementor-element-785ee1c elementor-widget__width-inherit elementor-widget elementor-widget-image-carousel\" data-id=\"785ee1c\" data-element_type=\"widget\" data-settings=\"{&quot;slides_to_show&quot;:&quot;4&quot;,&quot;navigation&quot;:&quot;none&quot;,&quot;autoplay&quot;:&quot;yes&quot;,&quot;pause_on_hover&quot;:&quot;yes&quot;,&quot;pause_on_interaction&quot;:&quot;yes&quot;,&quot;autoplay_speed&quot;:5000,&quot;infinite&quot;:&quot;yes&quot;,&quot;speed&quot;:500}\" data-widget_type=\"image-carousel.default\">\n\t\t\t\t\t\t\t<div class=\"elementor-image-carousel-wrapper swiper\" role=\"region\" aria-roledescription=\"carousel\" aria-label=\"Image Carousel\" dir=\"ltr\">\n\t\t\t<div class=\"elementor-image-carousel swiper-wrapper\" aria-live=\"off\">\n\t\t\t\t\t\t\t\t<div class=\"swiper-slide\" role=\"group\" aria-roledescription=\"slide\" aria-label=\"1 of 4\" data-no-translation-aria-label=\"\"><figure class=\"swiper-slide-inner\"><img decoding=\"async\" class=\"swiper-slide-image\" src=\"https:\/\/vkterasrakenne.fi\/wp-content\/uploads\/2026\/01\/TEXTRIGHT_BLACK_1080x265-e1769482470920.png\" alt=\"TEXTRIGHT_BLACK_1080x265\" \/><\/figure><\/div><div class=\"swiper-slide\" role=\"group\" aria-roledescription=\"slide\" aria-label=\"2 of 4\" data-no-translation-aria-label=\"\"><figure class=\"swiper-slide-inner\"><img decoding=\"async\" class=\"swiper-slide-image\" src=\"https:\/\/vkterasrakenne.fi\/wp-content\/uploads\/2026\/01\/1769482274374-6fe01ec9-a872-4c3c-a991-01bf34779981_1-e1769482829234.jpg\" alt=\"1769482274374-6fe01ec9-a872-4c3c-a991-01bf34779981_1\" \/><\/figure><\/div><div class=\"swiper-slide\" role=\"group\" aria-roledescription=\"slide\" aria-label=\"3 of 4\" data-no-translation-aria-label=\"\"><figure class=\"swiper-slide-inner\"><img decoding=\"async\" class=\"swiper-slide-image\" src=\"https:\/\/vkterasrakenne.fi\/wp-content\/uploads\/2021\/05\/ce.jpg\" alt=\"ce\" \/><\/figure><\/div><div class=\"swiper-slide\" role=\"group\" aria-roledescription=\"slide\" aria-label=\"4 of 4\" data-no-translation-aria-label=\"\"><figure class=\"swiper-slide-inner\"><img decoding=\"async\" class=\"swiper-slide-image\" src=\"https:\/\/vkterasrakenne.fi\/wp-content\/uploads\/2026\/01\/welding_society.png\" alt=\"welding_society\" \/><\/figure><\/div>\t\t\t<\/div>\n\t\t\t\t\t\t\t\n\t\t\t\t\t\t\t\t\t<\/div>\n\t\t\t\t\t\t<\/div>\n\t\t\t\t\t<\/div>\n\t\t<\/div>\n\t\t\t\t\t<\/div>\n\t\t<\/section>\n\t\t\t\t<\/div>","protected":false},"excerpt":{"rendered":"<p>Tule meille t\u00f6ihin! Voimassa olevat hitsausmenetelm\u00e4mme: Ruostumattomien ja hapon kest\u00e4vien materiaalien hitsaus ja k\u00e4sittely Alumiinin hitsaus ja k\u00e4sittely Fe-ter\u00e4srakenteiden valmistus (osat ja kokonaisuudet) \u00a0 Tuotantotiloissamme valmistamme asennusprojektien tarvitsemat: Ter\u00e4srakenteet Teollisuusputkitukset Rungot \u00a0<\/p>","protected":false},"author":1,"featured_media":0,"parent":0,"menu_order":0,"comment_status":"closed","ping_status":"closed","template":"elementor_canvas","meta":{"_improvement_type_select":"improve_an_existing","_thumb_yes_seoaic":false,"_frame_yes_seoaic":false,"seoaic_generate_description":"","seoaic_improve_instructions_prompt":"","seoaic_rollback_content_improvement":"","seoaic_idea_thumbnail_generator":"","thumbnail_generated":false,"thumbnail_generate_prompt":"","seoaic_article_description":"","footnotes":""},"class_list":["post-444","page","type-page","status-publish","hentry","entry"],"_links":{"self":[{"href":"https:\/\/vkterasrakenne.fi\/en\/wp-json\/wp\/v2\/pages\/444","targetHints":{"allow":["GET"]}}],"collection":[{"href":"https:\/\/vkterasrakenne.fi\/en\/wp-json\/wp\/v2\/pages"}],"about":[{"href":"https:\/\/vkterasrakenne.fi\/en\/wp-json\/wp\/v2\/types\/page"}],"author":[{"embeddable":true,"href":"https:\/\/vkterasrakenne.fi\/en\/wp-json\/wp\/v2\/users\/1"}],"replies":[{"embeddable":true,"href":"https:\/\/vkterasrakenne.fi\/en\/wp-json\/wp\/v2\/comments?post=444"}],"version-history":[{"count":22,"href":"https:\/\/vkterasrakenne.fi\/en\/wp-json\/wp\/v2\/pages\/444\/revisions"}],"predecessor-version":[{"id":1686,"href":"https:\/\/vkterasrakenne.fi\/en\/wp-json\/wp\/v2\/pages\/444\/revisions\/1686"}],"wp:attachment":[{"href":"https:\/\/vkterasrakenne.fi\/en\/wp-json\/wp\/v2\/media?parent=444"}],"curies":[{"name":"wp","href":"https:\/\/api.w.org\/{rel}","templated":true}]}}