{"id":65,"date":"2021-05-04T11:36:14","date_gmt":"2021-05-04T08:36:14","guid":{"rendered":"https:\/\/vkterasrakenne.fi\/?page_id=65"},"modified":"2026-01-27T10:12:36","modified_gmt":"2026-01-27T08:12:36","slug":"etusivu","status":"publish","type":"page","link":"https:\/\/vkterasrakenne.fi\/en\/","title":{"rendered":"Front Page"},"content":{"rendered":"<div data-elementor-type=\"wp-page\" data-elementor-id=\"65\" class=\"elementor elementor-65\" data-elementor-post-type=\"page\">\n\t\t\t\t<div class=\"elementor-element elementor-element-f9eab8c e-con-full e-flex e-con e-parent\" data-id=\"f9eab8c\" data-element_type=\"container\">\n\t\t<div class=\"elementor-element elementor-element-2fa26ec e-con-full e-flex e-con e-child\" data-id=\"2fa26ec\" data-element_type=\"container\">\n\t\t\t\t<div class=\"elementor-element elementor-element-53475cc elementor-nav-menu__align-end elementor-nav-menu--dropdown-none elementor-hidden-phone elementor-widget elementor-widget-nav-menu\" data-id=\"53475cc\" data-element_type=\"widget\" data-settings=\"{&quot;layout&quot;:&quot;horizontal&quot;,&quot;submenu_icon&quot;:{&quot;value&quot;:&quot;&lt;i class=\\&quot;fas fa-caret-down\\&quot;&gt;&lt;\\\/i&gt;&quot;,&quot;library&quot;:&quot;fa-solid&quot;}}\" data-widget_type=\"nav-menu.default\">\n\t\t\t\t\t\t\t\t<nav aria-label=\"Menu\" class=\"elementor-nav-menu--main elementor-nav-menu__container elementor-nav-menu--layout-horizontal e--pointer-underline e--animation-fade\">\n\t\t\t\t<ul id=\"menu-1-53475cc\" class=\"elementor-nav-menu\"><li class=\"menu-item menu-item-type-post_type menu-item-object-page menu-item-home menu-item-268\"><a href=\"https:\/\/vkterasrakenne.fi\/en\/\" class=\"elementor-item\">Front Page<\/a><\/li>\n<li class=\"menu-item menu-item-type-post_type menu-item-object-page menu-item-267\"><a href=\"https:\/\/vkterasrakenne.fi\/en\/putkistot\/\" class=\"elementor-item\">Pipelines<\/a><\/li>\n<li class=\"menu-item menu-item-type-post_type menu-item-object-page menu-item-266\"><a href=\"https:\/\/vkterasrakenne.fi\/en\/terasrakenteet-3\/\" class=\"elementor-item\">Steel Structures<\/a><\/li>\n<li class=\"menu-item menu-item-type-post_type menu-item-object-page menu-item-265\"><a href=\"https:\/\/vkterasrakenne.fi\/en\/referenssit\/\" class=\"elementor-item\">References<\/a><\/li>\n<li class=\"menu-item menu-item-type-post_type menu-item-object-page menu-item-1715\"><a href=\"https:\/\/vkterasrakenne.fi\/en\/kuljetukset\/\" class=\"elementor-item\">Transportation<\/a><\/li>\n<li class=\"menu-item menu-item-type-post_type menu-item-object-page menu-item-456\"><a href=\"https:\/\/vkterasrakenne.fi\/en\/rekrytointi\/\" class=\"elementor-item\">Recruitment<\/a><\/li>\n<li class=\"menu-item menu-item-type-post_type menu-item-object-page menu-item-264\"><a href=\"https:\/\/vkterasrakenne.fi\/en\/yhteystiedot\/\" class=\"elementor-item\">Contact Information<\/a><\/li>\n<\/ul>\t\t\t<\/nav>\n\t\t\t\t\t\t<nav class=\"elementor-nav-menu--dropdown elementor-nav-menu__container\" aria-hidden=\"true\">\n\t\t\t\t<ul id=\"menu-2-53475cc\" class=\"elementor-nav-menu\"><li class=\"menu-item menu-item-type-post_type menu-item-object-page menu-item-home menu-item-268\"><a href=\"https:\/\/vkterasrakenne.fi\/en\/\" class=\"elementor-item\" tabindex=\"-1\">Front Page<\/a><\/li>\n<li class=\"menu-item menu-item-type-post_type menu-item-object-page menu-item-267\"><a href=\"https:\/\/vkterasrakenne.fi\/en\/putkistot\/\" class=\"elementor-item\" tabindex=\"-1\">Pipelines<\/a><\/li>\n<li class=\"menu-item menu-item-type-post_type menu-item-object-page menu-item-266\"><a href=\"https:\/\/vkterasrakenne.fi\/en\/terasrakenteet-3\/\" class=\"elementor-item\" tabindex=\"-1\">Steel Structures<\/a><\/li>\n<li class=\"menu-item menu-item-type-post_type menu-item-object-page menu-item-265\"><a href=\"https:\/\/vkterasrakenne.fi\/en\/referenssit\/\" class=\"elementor-item\" tabindex=\"-1\">References<\/a><\/li>\n<li class=\"menu-item menu-item-type-post_type menu-item-object-page menu-item-1715\"><a href=\"https:\/\/vkterasrakenne.fi\/en\/kuljetukset\/\" class=\"elementor-item\" tabindex=\"-1\">Transportation<\/a><\/li>\n<li class=\"menu-item menu-item-type-post_type menu-item-object-page menu-item-456\"><a href=\"https:\/\/vkterasrakenne.fi\/en\/rekrytointi\/\" class=\"elementor-item\" tabindex=\"-1\">Recruitment<\/a><\/li>\n<li class=\"menu-item menu-item-type-post_type menu-item-object-page menu-item-264\"><a href=\"https:\/\/vkterasrakenne.fi\/en\/yhteystiedot\/\" class=\"elementor-item\" tabindex=\"-1\">Contact Information<\/a><\/li>\n<\/ul>\t\t\t<\/nav>\n\t\t\t\t\t\t<\/div>\n\t\t\t\t<div class=\"elementor-element elementor-element-d0ddd10 elementor-nav-menu__align-end elementor-nav-menu--dropdown-mobile elementor-nav-menu__text-align-center elementor-hidden-desktop elementor-hidden-tablet elementor-nav-menu--toggle elementor-nav-menu--burger elementor-widget elementor-widget-nav-menu\" data-id=\"d0ddd10\" data-element_type=\"widget\" data-settings=\"{&quot;layout&quot;:&quot;horizontal&quot;,&quot;submenu_icon&quot;:{&quot;value&quot;:&quot;&lt;i class=\\&quot;fas fa-caret-down\\&quot;&gt;&lt;\\\/i&gt;&quot;,&quot;library&quot;:&quot;fa-solid&quot;},&quot;toggle&quot;:&quot;burger&quot;}\" data-widget_type=\"nav-menu.default\">\n\t\t\t\t\t\t\t\t<nav aria-label=\"Menu\" class=\"elementor-nav-menu--main elementor-nav-menu__container elementor-nav-menu--layout-horizontal e--pointer-underline e--animation-fade\">\n\t\t\t\t<ul id=\"menu-1-d0ddd10\" class=\"elementor-nav-menu\"><li class=\"menu-item menu-item-type-post_type menu-item-object-page menu-item-home menu-item-268\"><a href=\"https:\/\/vkterasrakenne.fi\/en\/\" class=\"elementor-item\">Front Page<\/a><\/li>\n<li class=\"menu-item menu-item-type-post_type menu-item-object-page menu-item-267\"><a href=\"https:\/\/vkterasrakenne.fi\/en\/putkistot\/\" class=\"elementor-item\">Pipelines<\/a><\/li>\n<li class=\"menu-item menu-item-type-post_type menu-item-object-page menu-item-266\"><a href=\"https:\/\/vkterasrakenne.fi\/en\/terasrakenteet-3\/\" class=\"elementor-item\">Steel Structures<\/a><\/li>\n<li class=\"menu-item menu-item-type-post_type menu-item-object-page menu-item-265\"><a href=\"https:\/\/vkterasrakenne.fi\/en\/referenssit\/\" class=\"elementor-item\">References<\/a><\/li>\n<li class=\"menu-item menu-item-type-post_type menu-item-object-page menu-item-1715\"><a href=\"https:\/\/vkterasrakenne.fi\/en\/kuljetukset\/\" class=\"elementor-item\">Transportation<\/a><\/li>\n<li class=\"menu-item menu-item-type-post_type menu-item-object-page menu-item-456\"><a href=\"https:\/\/vkterasrakenne.fi\/en\/rekrytointi\/\" class=\"elementor-item\">Recruitment<\/a><\/li>\n<li class=\"menu-item menu-item-type-post_type menu-item-object-page menu-item-264\"><a href=\"https:\/\/vkterasrakenne.fi\/en\/yhteystiedot\/\" class=\"elementor-item\">Contact Information<\/a><\/li>\n<\/ul>\t\t\t<\/nav>\n\t\t\t\t\t<div class=\"elementor-menu-toggle\" role=\"button\" tabindex=\"0\" aria-label=\"Menu Toggle\" aria-expanded=\"false\">\n\t\t\t<i aria-hidden=\"true\" role=\"presentation\" class=\"elementor-menu-toggle__icon--open eicon-menu-bar\"><\/i><i aria-hidden=\"true\" role=\"presentation\" class=\"elementor-menu-toggle__icon--close eicon-close\"><\/i>\t\t<\/div>\n\t\t\t\t\t<nav class=\"elementor-nav-menu--dropdown elementor-nav-menu__container\" aria-hidden=\"true\">\n\t\t\t\t<ul id=\"menu-2-d0ddd10\" class=\"elementor-nav-menu\"><li class=\"menu-item menu-item-type-post_type menu-item-object-page menu-item-home menu-item-268\"><a href=\"https:\/\/vkterasrakenne.fi\/en\/\" class=\"elementor-item\" tabindex=\"-1\">Front Page<\/a><\/li>\n<li class=\"menu-item menu-item-type-post_type menu-item-object-page menu-item-267\"><a href=\"https:\/\/vkterasrakenne.fi\/en\/putkistot\/\" class=\"elementor-item\" tabindex=\"-1\">Pipelines<\/a><\/li>\n<li class=\"menu-item menu-item-type-post_type menu-item-object-page menu-item-266\"><a href=\"https:\/\/vkterasrakenne.fi\/en\/terasrakenteet-3\/\" class=\"elementor-item\" tabindex=\"-1\">Steel Structures<\/a><\/li>\n<li class=\"menu-item menu-item-type-post_type menu-item-object-page menu-item-265\"><a href=\"https:\/\/vkterasrakenne.fi\/en\/referenssit\/\" class=\"elementor-item\" tabindex=\"-1\">References<\/a><\/li>\n<li class=\"menu-item menu-item-type-post_type menu-item-object-page menu-item-1715\"><a href=\"https:\/\/vkterasrakenne.fi\/en\/kuljetukset\/\" class=\"elementor-item\" tabindex=\"-1\">Transportation<\/a><\/li>\n<li class=\"menu-item menu-item-type-post_type menu-item-object-page menu-item-456\"><a href=\"https:\/\/vkterasrakenne.fi\/en\/rekrytointi\/\" class=\"elementor-item\" tabindex=\"-1\">Recruitment<\/a><\/li>\n<li class=\"menu-item menu-item-type-post_type menu-item-object-page menu-item-264\"><a href=\"https:\/\/vkterasrakenne.fi\/en\/yhteystiedot\/\" class=\"elementor-item\" tabindex=\"-1\">Contact Information<\/a><\/li>\n<\/ul>\t\t\t<\/nav>\n\t\t\t\t\t\t<\/div>\n\t\t\t\t<\/div>\n\t\t\t\t<\/div>\n\t\t\t\t<section class=\"elementor-section elementor-top-section elementor-element elementor-element-375be64f elementor-section-items-top elementor-section-height-min-height elementor-section-full_width elementor-section-height-default\" data-id=\"375be64f\" data-element_type=\"section\" data-settings=\"{&quot;background_background&quot;:&quot;classic&quot;}\">\n\t\t\t\t\t\t<div class=\"elementor-container elementor-column-gap-default\">\n\t\t\t\t\t<div class=\"elementor-column elementor-col-100 elementor-top-column elementor-element elementor-element-5eab50e5\" data-id=\"5eab50e5\" data-element_type=\"column\">\n\t\t\t<div class=\"elementor-widget-wrap elementor-element-populated\">\n\t\t\t\t\t\t<div class=\"elementor-element elementor-element-4083760b elementor-widget elementor-widget-heading\" data-id=\"4083760b\" data-element_type=\"widget\" data-widget_type=\"heading.default\">\n\t\t\t\t\t<h1 class=\"elementor-heading-title elementor-size-large\">V-K TER\u00c4SRAKENNE<\/h1>\t\t\t\t<\/div>\n\t\t\t\t<div class=\"elementor-element elementor-element-bac5ef1 elementor-widget elementor-widget-heading\" data-id=\"bac5ef1\" data-element_type=\"widget\" data-widget_type=\"heading.default\">\n\t\t\t\t\t<h2 class=\"elementor-heading-title elementor-size-large\">manufacturing and installation of steel structures and piping<\/h2>\t\t\t\t<\/div>\n\t\t\t\t<div class=\"elementor-element elementor-element-78fa5322 elementor-widget-divider--view-line elementor-widget elementor-widget-divider\" data-id=\"78fa5322\" data-element_type=\"widget\" data-widget_type=\"divider.default\">\n\t\t\t\t\t\t\t<div class=\"elementor-divider\">\n\t\t\t<span class=\"elementor-divider-separator\">\n\t\t\t\t\t\t<\/span>\n\t\t<\/div>\n\t\t\t\t\t\t<\/div>\n\t\t\t\t\t<\/div>\n\t\t<\/div>\n\t\t\t\t\t<\/div>\n\t\t<\/section>\n\t\t\t\t<section class=\"elementor-section elementor-top-section elementor-element elementor-element-36c1372d elementor-section-boxed elementor-section-height-default elementor-section-height-default\" data-id=\"36c1372d\" data-element_type=\"section\">\n\t\t\t\t\t\t<div class=\"elementor-container elementor-column-gap-no\">\n\t\t\t\t\t<div class=\"elementor-column elementor-col-50 elementor-top-column elementor-element elementor-element-17bfc54e elementor-hidden-mobile\" data-id=\"17bfc54e\" data-element_type=\"column\">\n\t\t\t<div class=\"elementor-widget-wrap elementor-element-populated\">\n\t\t\t\t\t\t<div class=\"elementor-element elementor-element-573942df elementor-widget elementor-widget-text-editor\" data-id=\"573942df\" data-element_type=\"widget\" data-widget_type=\"text-editor.default\">\n\t\t\t\t\t\t\t\t\t<div>V-K Ter\u00e4srakenne Oy is a company based in Eurajoki, Finland, specializing in the manufacture and installation of industrial piping and steel structures. However, we operate comprehensively throughout the country and serve our customers in both new construction projects and renovations of old facilities.<\/div><p>We manufacture, as a subcontractor, for industry, e.g. steel beam structures for halls and buildings, steel stairs and railings, maintenance and access platforms, support and support beams. In all your thoughts related to steel; <a href=\"https:\/\/vkterasrakenne.fi\/en\/yhteystiedot\/\">contact us<\/a>!<\/p>\t\t\t\t\t\t\t\t<\/div>\n\t\t\t\t<div class=\"elementor-element elementor-element-2efb37fe elementor-widget__width-initial elementor-widget elementor-widget-image\" data-id=\"2efb37fe\" data-element_type=\"widget\" data-widget_type=\"image.default\">\n\t\t\t\t\t\t\t\t\t\t\t\t\t\t\t<img fetchpriority=\"high\" decoding=\"async\" width=\"525\" height=\"700\" src=\"https:\/\/vkterasrakenne.fi\/wp-content\/uploads\/2021\/05\/2014_01.jpg\" class=\"attachment-large size-large wp-image-184\" alt=\"\" srcset=\"https:\/\/vkterasrakenne.fi\/wp-content\/uploads\/2021\/05\/2014_01.jpg 525w, https:\/\/vkterasrakenne.fi\/wp-content\/uploads\/2021\/05\/2014_01-225x300.jpg 225w\" sizes=\"(max-width: 525px) 100vw, 525px\" \/>\t\t\t\t\t\t\t\t\t\t\t\t\t\t\t<\/div>\n\t\t\t\t\t<\/div>\n\t\t<\/div>\n\t\t\t\t<div class=\"elementor-column elementor-col-50 elementor-top-column elementor-element elementor-element-37431815 elementor-hidden-mobile\" data-id=\"37431815\" data-element_type=\"column\">\n\t\t\t<div class=\"elementor-widget-wrap elementor-element-populated\">\n\t\t\t\t\t\t<div class=\"elementor-element elementor-element-5545b20 elementor-widget__width-initial elementor-widget elementor-widget-video\" data-id=\"5545b20\" data-element_type=\"widget\" data-settings=\"{&quot;video_type&quot;:&quot;hosted&quot;,&quot;autoplay&quot;:&quot;yes&quot;,&quot;play_on_mobile&quot;:&quot;yes&quot;,&quot;mute&quot;:&quot;yes&quot;,&quot;loop&quot;:&quot;yes&quot;,&quot;controls&quot;:&quot;yes&quot;}\" data-widget_type=\"video.default\">\n\t\t\t\t\t\t\t<div class=\"e-hosted-video elementor-wrapper elementor-open-inline\">\n\t\t\t\t\t<video class=\"elementor-video\" src=\"https:\/\/vkterasrakenne.fi\/wp-content\/uploads\/2026\/01\/VKTERASLOGOLLA.mp4\" autoplay=\"\" loop=\"\" controls=\"\" muted=\"muted\" playsinline=\"\" controlslist=\"nodownload\" poster=\"https:\/\/vkterasrakenne.fi\/wp-content\/uploads\/2026\/01\/R3A5041-scaled.jpg\"><\/video>\n\t\t\t\t<\/div>\n\t\t\t\t\t\t<\/div>\n\t\t\t\t<div class=\"elementor-element elementor-element-1c5513f elementor-widget elementor-widget-text-editor\" data-id=\"1c5513f\" data-element_type=\"widget\" data-widget_type=\"text-editor.default\">\n\t\t\t\t\t\t\t\t\t<p>\u00a0<\/p><p>Lloyd\u2019s Register has granted us the right to use CE marking in accordance with the requirements of EN 1090-1:2009\/A1:2011 on September 10, 2014. Our implementation classes are EXC1, EXC2 and EXC3.<\/p><p>Contact information can be found <a href=\"https:\/\/vkterasrakenne.fi\/en\/yhteystiedot\/\">here<\/a>.<\/p>\t\t\t\t\t\t\t\t<\/div>\n\t\t\t\t\t<\/div>\n\t\t<\/div>\n\t\t\t\t\t<\/div>\n\t\t<\/section>\n\t\t\t\t<section class=\"elementor-section elementor-top-section elementor-element elementor-element-d6396e3 elementor-section-boxed elementor-section-height-default elementor-section-height-default\" data-id=\"d6396e3\" data-element_type=\"section\">\n\t\t\t\t\t\t<div class=\"elementor-container elementor-column-gap-no\">\n\t\t\t\t\t<div class=\"elementor-column elementor-col-50 elementor-top-column elementor-element elementor-element-f1c140a\" data-id=\"f1c140a\" data-element_type=\"column\">\n\t\t\t<div class=\"elementor-widget-wrap\">\n\t\t\t\t\t\t\t<\/div>\n\t\t<\/div>\n\t\t\t\t<div class=\"elementor-column elementor-col-50 elementor-top-column elementor-element elementor-element-648149c elementor-hidden-desktop elementor-hidden-tablet\" data-id=\"648149c\" data-element_type=\"column\">\n\t\t\t<div class=\"elementor-widget-wrap elementor-element-populated\">\n\t\t\t\t\t\t<div class=\"elementor-element elementor-element-dbf9b03 elementor-widget elementor-widget-text-editor\" data-id=\"dbf9b03\" data-element_type=\"widget\" data-widget_type=\"text-editor.default\">\n\t\t\t\t\t\t\t\t\t<div>V-K Ter\u00e4srakenne Oy is a company based in Eurajoki, Finland, specializing in the installation of industrial pipelines and the manufacture of steel structures. However, we operate comprehensively throughout the country and serve our customers in both new construction projects and renovations of old facilities.<\/div><p>We manufacture, as a subcontractor, for industry, e.g. steel beam structures for halls and buildings, steel stairs and railings, maintenance and access platforms, support and support beams. In all your thoughts related to steel; <a href=\"https:\/\/vkterasrakenne.fi\/en\/yhteystiedot\/\">contact us<\/a>!<\/p>\t\t\t\t\t\t\t\t<\/div>\n\t\t\t\t<div class=\"elementor-element elementor-element-e5ffa2a elementor-widget__width-initial elementor-widget elementor-widget-video\" data-id=\"e5ffa2a\" data-element_type=\"widget\" data-settings=\"{&quot;video_type&quot;:&quot;hosted&quot;,&quot;autoplay&quot;:&quot;yes&quot;,&quot;play_on_mobile&quot;:&quot;yes&quot;,&quot;mute&quot;:&quot;yes&quot;,&quot;loop&quot;:&quot;yes&quot;,&quot;controls&quot;:&quot;yes&quot;}\" data-widget_type=\"video.default\">\n\t\t\t\t\t\t\t<div class=\"e-hosted-video elementor-wrapper elementor-open-inline\">\n\t\t\t\t\t<video class=\"elementor-video\" src=\"https:\/\/vkterasrakenne.fi\/wp-content\/uploads\/2026\/01\/VKTERASLOGOLLA.mp4\" autoplay=\"\" loop=\"\" controls=\"\" muted=\"muted\" playsinline=\"\" controlslist=\"nodownload\" poster=\"https:\/\/vkterasrakenne.fi\/wp-content\/uploads\/2026\/01\/R3A5041-scaled.jpg\"><\/video>\n\t\t\t\t<\/div>\n\t\t\t\t\t\t<\/div>\n\t\t\t\t<div class=\"elementor-element elementor-element-6a3f48b elementor-widget elementor-widget-text-editor\" data-id=\"6a3f48b\" data-element_type=\"widget\" data-widget_type=\"text-editor.default\">\n\t\t\t\t\t\t\t\t\t<p>\u00a0<\/p><p>Lloyd\u2019s Register has granted us the right to use CE marking in accordance with the requirements of EN 1090-1:2009\/A1:2011 on September 10, 2014. Our implementation classes are EXC1, EXC2 and EXC3.<\/p><p>Contact information can be found <a href=\"https:\/\/vkterasrakenne.fi\/en\/yhteystiedot\/\">here<\/a>.<\/p>\t\t\t\t\t\t\t\t<\/div>\n\t\t\t\t<div class=\"elementor-element elementor-element-4009f99 elementor-widget__width-initial elementor-widget elementor-widget-image\" data-id=\"4009f99\" data-element_type=\"widget\" data-widget_type=\"image.default\">\n\t\t\t\t\t\t\t\t\t\t\t\t\t\t\t<img fetchpriority=\"high\" decoding=\"async\" width=\"525\" height=\"700\" src=\"https:\/\/vkterasrakenne.fi\/wp-content\/uploads\/2021\/05\/2014_01.jpg\" class=\"attachment-large size-large wp-image-184\" alt=\"\" srcset=\"https:\/\/vkterasrakenne.fi\/wp-content\/uploads\/2021\/05\/2014_01.jpg 525w, https:\/\/vkterasrakenne.fi\/wp-content\/uploads\/2021\/05\/2014_01-225x300.jpg 225w\" sizes=\"(max-width: 525px) 100vw, 525px\" \/>\t\t\t\t\t\t\t\t\t\t\t\t\t\t\t<\/div>\n\t\t\t\t\t<\/div>\n\t\t<\/div>\n\t\t\t\t\t<\/div>\n\t\t<\/section>\n\t\t\t\t<section class=\"elementor-section elementor-top-section elementor-element elementor-element-7cf080e0 elementor-section-boxed elementor-section-height-default elementor-section-height-default\" data-id=\"7cf080e0\" data-element_type=\"section\" data-settings=\"{&quot;background_background&quot;:&quot;classic&quot;}\">\n\t\t\t\t\t\t<div class=\"elementor-container elementor-column-gap-default\">\n\t\t\t\t\t<div class=\"elementor-column elementor-col-100 elementor-top-column elementor-element elementor-element-260a8ced\" data-id=\"260a8ced\" data-element_type=\"column\">\n\t\t\t<div class=\"elementor-widget-wrap elementor-element-populated\">\n\t\t\t\t\t\t<div class=\"elementor-element elementor-element-34a762ff elementor-widget__width-initial elementor-widget elementor-widget-image-carousel\" data-id=\"34a762ff\" data-element_type=\"widget\" data-settings=\"{&quot;slides_to_show&quot;:&quot;4&quot;,&quot;navigation&quot;:&quot;none&quot;,&quot;image_spacing_custom&quot;:{&quot;unit&quot;:&quot;px&quot;,&quot;size&quot;:&quot;50&quot;,&quot;sizes&quot;:[]},&quot;slides_to_show_tablet&quot;:&quot;3&quot;,&quot;autoplay&quot;:&quot;yes&quot;,&quot;pause_on_hover&quot;:&quot;yes&quot;,&quot;pause_on_interaction&quot;:&quot;yes&quot;,&quot;autoplay_speed&quot;:5000,&quot;infinite&quot;:&quot;yes&quot;,&quot;speed&quot;:500,&quot;image_spacing_custom_tablet&quot;:{&quot;unit&quot;:&quot;px&quot;,&quot;size&quot;:&quot;&quot;,&quot;sizes&quot;:[]},&quot;image_spacing_custom_mobile&quot;:{&quot;unit&quot;:&quot;px&quot;,&quot;size&quot;:&quot;&quot;,&quot;sizes&quot;:[]}}\" data-widget_type=\"image-carousel.default\">\n\t\t\t\t\t\t\t<div class=\"elementor-image-carousel-wrapper swiper\" role=\"region\" aria-roledescription=\"carousel\" aria-label=\"Image Carousel\" dir=\"ltr\">\n\t\t\t<div class=\"elementor-image-carousel swiper-wrapper\" aria-live=\"off\">\n\t\t\t\t\t\t\t\t<div class=\"swiper-slide\" role=\"group\" aria-roledescription=\"slide\" aria-label=\"1 of 4\"><figure class=\"swiper-slide-inner\"><img decoding=\"async\" class=\"swiper-slide-image\" src=\"https:\/\/vkterasrakenne.fi\/wp-content\/uploads\/2026\/01\/TEXTRIGHT_BLACK_1080x265-1024x251.png\" alt=\"TEXTRIGHT_BLACK_1080x265\" \/><\/figure><\/div><div class=\"swiper-slide\" role=\"group\" aria-roledescription=\"slide\" aria-label=\"2 of 4\"><figure class=\"swiper-slide-inner\"><img decoding=\"async\" class=\"swiper-slide-image\" src=\"https:\/\/vkterasrakenne.fi\/wp-content\/uploads\/2026\/01\/1769482274374-6fe01ec9-a872-4c3c-a991-01bf34779981_1-e1769482829234.jpg\" alt=\"1769482274374-6fe01ec9-a872-4c3c-a991-01bf34779981_1\" \/><\/figure><\/div><div class=\"swiper-slide\" role=\"group\" aria-roledescription=\"slide\" aria-label=\"3 of 4\"><figure class=\"swiper-slide-inner\"><img decoding=\"async\" class=\"swiper-slide-image\" src=\"https:\/\/vkterasrakenne.fi\/wp-content\/uploads\/2021\/05\/ce.jpg\" alt=\"ce\" \/><\/figure><\/div><div class=\"swiper-slide\" role=\"group\" aria-roledescription=\"slide\" aria-label=\"4 of 4\"><figure class=\"swiper-slide-inner\"><img decoding=\"async\" class=\"swiper-slide-image\" src=\"https:\/\/vkterasrakenne.fi\/wp-content\/uploads\/2026\/01\/welding_society.png\" alt=\"welding_society\" \/><\/figure><\/div>\t\t\t<\/div>\n\t\t\t\t\t\t\t\n\t\t\t\t\t\t\t\t\t<\/div>\n\t\t\t\t\t\t<\/div>\n\t\t\t\t\t<\/div>\n\t\t<\/div>\n\t\t\t\t\t<\/div>\n\t\t<\/section>\n\t\t\t\t<\/div>","protected":false},"excerpt":{"rendered":"<p>V-K TER\u00c4SRAKENNE ter\u00e4srakenteiden ja putkistojen valmistus sek\u00e4 asennus V-K Ter\u00e4srakenne Oy on teollisuusputkistojen ja ter\u00e4srakenteiden valmistukseen ja asennukseen erikoistunut eurajokelainen yritys. Toimimme kuitenkin kattavasti koko maassa ja palvelemme asiakkaitamme sek\u00e4 uusissa rakennuskohteissa ett\u00e4 vanhojen tilojen saneerauksissa. Valmistamme teollisuudelle alihankintaty\u00f6n\u00e4 esim. hallien ja rakennusten ter\u00e4spalkkirakenteita, ter\u00e4sportaita ja kaiteita, huolto- ja kulkutasoja, tuenta- ja kannatinpalkkeja. Kaikessa ter\u00e4kseen &hellip; <\/p>\n<p class=\"link-more\"><a href=\"https:\/\/vkterasrakenne.fi\/en\/\" class=\"more-link\">Continue reading<span class=\"screen-reader-text\"> &#8221;Etusivu&#8221;<\/span><\/a><\/p>","protected":false},"author":1,"featured_media":0,"parent":0,"menu_order":0,"comment_status":"closed","ping_status":"closed","template":"elementor_canvas","meta":{"_improvement_type_select":"improve_an_existing","_thumb_yes_seoaic":false,"_frame_yes_seoaic":false,"seoaic_generate_description":"","seoaic_improve_instructions_prompt":"","seoaic_rollback_content_improvement":"","seoaic_idea_thumbnail_generator":"","thumbnail_generated":false,"thumbnail_generate_prompt":"","seoaic_article_description":"","footnotes":""},"class_list":["post-65","page","type-page","status-publish","hentry","entry"],"_links":{"self":[{"href":"https:\/\/vkterasrakenne.fi\/en\/wp-json\/wp\/v2\/pages\/65","targetHints":{"allow":["GET"]}}],"collection":[{"href":"https:\/\/vkterasrakenne.fi\/en\/wp-json\/wp\/v2\/pages"}],"about":[{"href":"https:\/\/vkterasrakenne.fi\/en\/wp-json\/wp\/v2\/types\/page"}],"author":[{"embeddable":true,"href":"https:\/\/vkterasrakenne.fi\/en\/wp-json\/wp\/v2\/users\/1"}],"replies":[{"embeddable":true,"href":"https:\/\/vkterasrakenne.fi\/en\/wp-json\/wp\/v2\/comments?post=65"}],"version-history":[{"count":138,"href":"https:\/\/vkterasrakenne.fi\/en\/wp-json\/wp\/v2\/pages\/65\/revisions"}],"predecessor-version":[{"id":1668,"href":"https:\/\/vkterasrakenne.fi\/en\/wp-json\/wp\/v2\/pages\/65\/revisions\/1668"}],"wp:attachment":[{"href":"https:\/\/vkterasrakenne.fi\/en\/wp-json\/wp\/v2\/media?parent=65"}],"curies":[{"name":"wp","href":"https:\/\/api.w.org\/{rel}","templated":true}]}}